{"id":3,"date":"2020-09-15T00:42:34","date_gmt":"2020-09-15T00:42:34","guid":{"rendered":"http:\/\/tiklick.com\/site\/?page_id=3"},"modified":"2025-12-20T17:47:30","modified_gmt":"2025-12-20T22:47:30","slug":"politica-de-privacidad","status":"publish","type":"page","link":"https:\/\/tiklick.com\/site\/politica-de-privacidad\/","title":{"rendered":"POL\u00cdTICA DE PRIVACIDAD DE TIKLICK.COM"},"content":{"rendered":"<div class=\"fusion-fullwidth fullwidth-box fusion-builder-row-1 fusion-flex-container has-pattern-background has-mask-background nonhundred-percent-fullwidth non-hundred-percent-height-scrolling\" style=\"--awb-border-radius-top-left:0px;--awb-border-radius-top-right:0px;--awb-border-radius-bottom-right:0px;--awb-border-radius-bottom-left:0px;--awb-background-color:#ffffff;--awb-flex-wrap:wrap;\" ><div class=\"fusion-builder-row fusion-row fusion-flex-align-items-flex-start fusion-flex-content-wrap\" style=\"max-width:1216.8px;margin-left: calc(-4% \/ 2 );margin-right: calc(-4% \/ 2 );\"><div class=\"fusion-layout-column fusion_builder_column fusion-builder-column-0 fusion_builder_column_1_1 1_1 fusion-flex-column\" style=\"--awb-bg-size:cover;--awb-width-large:100%;--awb-margin-top-large:0px;--awb-spacing-right-large:1.92%;--awb-margin-bottom-large:0px;--awb-spacing-left-large:1.92%;--awb-width-medium:100%;--awb-spacing-right-medium:1.92%;--awb-spacing-left-medium:1.92%;--awb-width-small:100%;--awb-spacing-right-small:1.92%;--awb-spacing-left-small:1.92%;\"><div class=\"fusion-column-wrapper fusion-flex-justify-content-flex-start fusion-content-layout-column\"><div class=\"fusion-text fusion-text-1\" style=\"--awb-text-color:#000000;\"><p><strong>\u00daltima actualizaci\u00f3n:<\/strong> 20 de diciembre de 2025.<\/p>\n<ol>\n<li><strong> RESPONSABLE DEL TRATAMIENTO DE DATOS<\/strong><\/li>\n<\/ol>\n<p>La presente Pol\u00edtica de Privacidad establece los t\u00e9rminos en que <strong>MANDALA&#8217;S LIFE STYLE LLC<\/strong> (en adelante, \u00abLA EMPRESA\u00bb, \u00abNosotros\u00bb o \u00abtiKlick\u00bb), sociedad constituida bajo las leyes de Florida, Estados Unidos, con domicilio en 3660 N 56th Ave, Apt 611, Hollywood, FL 33021, usa y protege la informaci\u00f3n que es proporcionada por sus usuarios al momento de utilizar su sitio web y sus servicios.<\/p>\n<ol start=\"2\">\n<li><strong> INFORMACI\u00d3N QUE RECOGEMOS<\/strong><\/li>\n<\/ol>\n<p>Recopilamos informaci\u00f3n en dos niveles distintos: (A) Informaci\u00f3n de nuestros Clientes Directos (Usuarios Registrados) y (B) Informaci\u00f3n de los Visitantes de los Mini Sitios.<\/p>\n<ol>\n<li><strong> De nuestros Clientes (Usuarios Registrados)<\/strong><\/li>\n<\/ol>\n<p>Al crear una cuenta en tiKlick (Planes Gratuito, Blue, Orange, Green o Expo), recopilamos:<\/p>\n<ul>\n<li>Datos de identificaci\u00f3n: Nombre, direcci\u00f3n de correo electr\u00f3nico, nombre comercial o raz\u00f3n social.<\/li>\n<li>Datos de facturaci\u00f3n: Direcci\u00f3n f\u00edsica y pa\u00eds. <strong>Nota importante:<\/strong> tiKlick <strong>NO<\/strong> almacena ni procesa n\u00fameros completos de tarjetas de cr\u00e9dito. Estas transacciones son procesadas de forma segura y encriptada exclusivamente por <strong>Stripe<\/strong>, nuestro proveedor de pagos.<\/li>\n<\/ul>\n<ol>\n<li><strong> De los Visitantes de los \u00abMini Sitios\u00bb<\/strong><\/li>\n<\/ol>\n<p>Cuando un usuario final visita un mini sitio creado con tiKlick, nuestros servidores y herramientas de an\u00e1lisis recopilan autom\u00e1ticamente:<\/p>\n<ul>\n<li>Direcci\u00f3n IP y ubicaci\u00f3n geogr\u00e1fica aproximada.<\/li>\n<li>Datos t\u00e9cnicos del dispositivo (tipo de navegador, sistema operativo).<\/li>\n<li>Datos de navegaci\u00f3n y comportamiento (p\u00e1ginas visitadas, tiempo de estancia) a trav\u00e9s de <strong>Google Analytics<\/strong>.<\/li>\n<\/ul>\n<ol start=\"3\">\n<li><strong> FINALIDAD DEL USO DE LOS DATOS<\/strong><\/li>\n<\/ol>\n<p>Utilizamos la informaci\u00f3n recopilada para los siguientes fines:<\/p>\n<ol>\n<li><strong>Provisi\u00f3n del Servicio:<\/strong> Crear y alojar su mini sitio web y asegurar su funcionamiento t\u00e9cnico.<\/li>\n<li><strong>Comunicaciones Transaccionales:<\/strong> Enviar confirmaciones de registro, notificaciones de vencimiento de planes, alertas de seguridad y actualizaciones del sistema. Para este fin, utilizamos los servicios de <strong>Brevo (<a href=\"https:\/\/www.brevo.com\/\">www.brevo.com<\/a>)<\/strong> como proveedor de infraestructura de correo electr\u00f3nico. Al aceptar esta pol\u00edtica, usted autoriza la transferencia de su email a Brevo \u00fanicamente para estos fines.<\/li>\n<li><strong>Mejora y An\u00e1lisis:<\/strong> Utilizar los datos de navegaci\u00f3n (v\u00eda Google Analytics) para entender el tr\u00e1fico de la red, prevenir fraudes y optimizar el rendimiento de nuestros servidores.<\/li>\n<\/ol>\n<ol start=\"4\">\n<li><strong> SERVICIOS \u00abEXPO\u00bb Y P\u00cdXELES DE TERCEROS<\/strong><\/li>\n<\/ol>\n<p>Para los usuarios contratantes de servicios especiales tipo \u00abExpo\u00bb (Ferias, Centros Comerciales, Exposiciones) que tienen habilitada la funci\u00f3n de instalar sus propios c\u00f3digos de seguimiento (P\u00edxeles de Facebook, Etiquetas de Google, etc.):<\/p>\n<ul>\n<li><strong>Responsabilidad del Usuario Expo:<\/strong> Usted reconoce que al instalar estos p\u00edxeles, act\u00faa como un Controlador de Datos independiente respecto a los visitantes de su mini sitio. Es su responsabilidad informar a sus visitantes y obtener su consentimiento para dicho rastreo conforme a las leyes de su jurisdicci\u00f3n local.<\/li>\n<li><strong>Deslinde de tiKlick:<\/strong> MANDALA&#8217;S LIFE STYLE LLC provee la capacidad t\u00e9cnica para la inserci\u00f3n del c\u00f3digo, pero no tiene control sobre, ni acceso a, los datos que Facebook o Google recopilan directamente a trav\u00e9s de los p\u00edxeles configurados por el Usuario Expo.<\/li>\n<\/ul>\n<ol start=\"5\">\n<li><strong> COMPARTIR INFORMACI\u00d3N CON TERCEROS<\/strong><\/li>\n<\/ol>\n<p>tiKlick no vender\u00e1, ceder\u00e1 ni distribuir\u00e1 la informaci\u00f3n personal que es recopilada sin su consentimiento, salvo que sea requerido por un juez con una orden judicial. Sin embargo, compartimos datos estrictamente necesarios con los siguientes proveedores de infraestructura (Sub-procesadores):<\/p>\n<ul>\n<li><strong>Stripe:<\/strong> Para procesamiento de pagos de suscripciones.<\/li>\n<li><strong>Brevo:<\/strong> Para el env\u00edo de correos electr\u00f3nicos transaccionales y notificaciones.<\/li>\n<li><strong>Google Analytics:<\/strong> Para an\u00e1lisis de m\u00e9tricas de tr\u00e1fico web.<\/li>\n<li><strong>Servidores de Alojamiento:<\/strong> Proveedores de nube ubicados en Estados Unidos.<\/li>\n<\/ul>\n<ol start=\"6\">\n<li><strong> TRANSFERENCIA INTERNACIONAL DE DATOS<\/strong><\/li>\n<\/ol>\n<p>Al utilizar nuestros servicios, usted reconoce y acepta que sus datos personales ser\u00e1n transferidos y procesados en los <strong>Estados Unidos de Am\u00e9rica<\/strong>, donde se encuentran nuestros servidores y operaciones centrales.<\/p>\n<ol start=\"7\">\n<li><strong> DERECHOS DEL USUARIO (ARCO)<\/strong><\/li>\n<\/ol>\n<p>Usted tiene derecho a acceder, rectificar, cancelar u oponerse al tratamiento de sus datos personales. Para ejercer estos derechos, o si desea eliminar su cuenta y todos los datos asociados, env\u00ede una solicitud a: <strong>legal@mandalaslifestyle.com<\/strong>.<\/p>\n<\/div><\/div><\/div><\/div><\/div>\n","protected":false},"excerpt":{"rendered":"","protected":false},"author":1,"featured_media":0,"parent":0,"menu_order":0,"comment_status":"closed","ping_status":"open","template":"","meta":{"_acf_changed":false,"inline_featured_image":false,"footnotes":""},"class_list":["post-3","page","type-page","status-publish","hentry"],"acf":[],"_links":{"self":[{"href":"https:\/\/tiklick.com\/site\/wp-json\/wp\/v2\/pages\/3","targetHints":{"allow":["GET"]}}],"collection":[{"href":"https:\/\/tiklick.com\/site\/wp-json\/wp\/v2\/pages"}],"about":[{"href":"https:\/\/tiklick.com\/site\/wp-json\/wp\/v2\/types\/page"}],"author":[{"embeddable":true,"href":"https:\/\/tiklick.com\/site\/wp-json\/wp\/v2\/users\/1"}],"replies":[{"embeddable":true,"href":"https:\/\/tiklick.com\/site\/wp-json\/wp\/v2\/comments?post=3"}],"version-history":[{"count":3,"href":"https:\/\/tiklick.com\/site\/wp-json\/wp\/v2\/pages\/3\/revisions"}],"predecessor-version":[{"id":1097,"href":"https:\/\/tiklick.com\/site\/wp-json\/wp\/v2\/pages\/3\/revisions\/1097"}],"wp:attachment":[{"href":"https:\/\/tiklick.com\/site\/wp-json\/wp\/v2\/media?parent=3"}],"curies":[{"name":"wp","href":"https:\/\/api.w.org\/{rel}","templated":true}]}}